{"id":8445,"date":"2025-01-17T18:01:01","date_gmt":"2025-01-17T22:01:01","guid":{"rendered":"https:\/\/lezestbar.com\/?page_id=8445"},"modified":"2026-03-31T13:25:14","modified_gmt":"2026-03-31T17:25:14","slug":"mentions-legales","status":"publish","type":"page","link":"https:\/\/lezestbar.com\/en\/mentions-legales\/","title":{"rendered":"MENTIONS L\u00c9GALES"},"content":{"rendered":"<div data-elementor-type=\"wp-page\" data-elementor-id=\"8445\" class=\"elementor elementor-8445\" data-elementor-post-type=\"page\">\n\t\t\t\t<div class=\"elementor-element elementor-element-37ed903 elementor-hidden-desktop elementor-hidden-tablet e-flex e-con-boxed e-con e-parent\" data-id=\"37ed903\" data-element_type=\"container\" data-e-type=\"container\" data-settings=\"{&quot;background_background&quot;:&quot;classic&quot;}\">\n\t\t\t\t\t<div class=\"e-con-inner\">\n\t\t<div class=\"elementor-element elementor-element-0c0acb4 e-con-full e-flex e-con e-child\" data-id=\"0c0acb4\" data-element_type=\"container\" data-e-type=\"container\">\n\t\t\t\t<div class=\"elementor-element elementor-element-75efa09 elementor-mobile-align-center elementor-widget elementor-widget-button\" data-id=\"75efa09\" data-element_type=\"widget\" data-e-type=\"widget\" data-widget_type=\"button.default\">\n\t\t\t\t<div class=\"elementor-widget-container\">\n\t\t\t\t\t\t\t\t\t<div class=\"elementor-button-wrapper\">\n\t\t\t\t\t<a class=\"elementor-button elementor-button-link elementor-size-sm\" href=\"https:\/\/menuwidget.zenchef.com\/v4.php?rid=359847#menu-447610\" target=\"_blank\">\n\t\t\t\t\t\t<span class=\"elementor-button-content-wrapper\">\n\t\t\t\t\t\t\t\t\t<span class=\"elementor-button-text\">Menu<\/span>\n\t\t\t\t\t<\/span>\n\t\t\t\t\t<\/a>\n\t\t\t\t<\/div>\n\t\t\t\t\t\t\t\t<\/div>\n\t\t\t\t<\/div>\n\t\t\t\t<\/div>\n\t\t<div class=\"elementor-element elementor-element-eaa9452 e-con-full e-flex e-con e-child\" data-id=\"eaa9452\" data-element_type=\"container\" data-e-type=\"container\">\n\t\t\t\t<div class=\"elementor-element elementor-element-b2393e5 elementor-mobile-align-center elementor-widget elementor-widget-button\" data-id=\"b2393e5\" data-element_type=\"widget\" data-e-type=\"widget\" data-widget_type=\"button.default\">\n\t\t\t\t<div class=\"elementor-widget-container\">\n\t\t\t\t\t\t\t\t\t<div class=\"elementor-button-wrapper\">\n\t\t\t\t\t<a class=\"elementor-button elementor-button-link elementor-size-sm\" href=\"\/en\/reservation\/\">\n\t\t\t\t\t\t<span class=\"elementor-button-content-wrapper\">\n\t\t\t\t\t\t\t\t\t<span class=\"elementor-button-text\">Book<\/span>\n\t\t\t\t\t<\/span>\n\t\t\t\t\t<\/a>\n\t\t\t\t<\/div>\n\t\t\t\t\t\t\t\t<\/div>\n\t\t\t\t<\/div>\n\t\t\t\t<\/div>\n\t\t\t\t\t<\/div>\n\t\t\t\t<\/div>\n\t\t<div class=\"elementor-element elementor-element-a65b973 formulaire-reservation e-flex e-con-boxed e-con e-parent\" data-id=\"a65b973\" data-element_type=\"container\" data-e-type=\"container\" id=\"formulaire-reservation\">\n\t\t\t\t\t<div class=\"e-con-inner\">\n\t\t\t\t<div class=\"elementor-element elementor-element-a902b26 elementor-widget elementor-widget-heading\" data-id=\"a902b26\" data-element_type=\"widget\" data-e-type=\"widget\" data-widget_type=\"heading.default\">\n\t\t\t\t<div class=\"elementor-widget-container\">\n\t\t\t\t\t<h2 class=\"elementor-heading-title elementor-size-default\">Legal disclaimers<\/h2>\t\t\t\t<\/div>\n\t\t\t\t<\/div>\n\t\t\t\t<div class=\"elementor-element elementor-element-b90582c elementor-widget elementor-widget-text-editor\" data-id=\"b90582c\" data-element_type=\"widget\" data-e-type=\"widget\" data-widget_type=\"text-editor.default\">\n\t\t\t\t<div class=\"elementor-widget-container\">\n\t\t\t\t\t\t\t\t\t<h6><strong>1 &#8211; \u00c9dition du site<\/strong><\/h6><p>En vertu de <a href=\"https:\/\/www.legifrance.gouv.fr\/affichTexte.do?cidTexte=JORFTEXT000000801164#LEGIARTI000042038977\">l&rsquo;article 6 de la loi n\u00b0 2004-575 du 21 juin 2004<\/a> pour la confiance dans l&rsquo;\u00e9conomie num\u00e9rique, il est pr\u00e9cis\u00e9 aux utilisateurs du site internet <b>https:\/\/lezestbar.com<\/b>\u00a0l&rsquo;identit\u00e9 des diff\u00e9rents intervenants dans le cadre de sa r\u00e9alisation et de son suivi:<\/p><p><b>Propri\u00e9taire du site : <\/b>J2P FOOD, Soci\u00e9t\u00e9 par Actions Simplifi\u00e9e \u00e0 associ\u00e9 Unique.<\/p><p>Contact : contact@lezestbar.com +596 696 30 30 20.<\/p><p>Adresse : Immeuble La Grand Voile, Rue Cadastre Zac \u00e9tang z&rsquo;abricots, 97200, Martinique.<\/p><p><b>Identification de l&rsquo;entreprise :<\/b> SASU J2P FOOD, Soci\u00e9t\u00e9 par Actions Simplifi\u00e9e \u00e0 associ\u00e9 Unique au capital social de 1 000,00 \u20ac &#8211; SIREN : 898431309 &#8211; RCS ou RM : B 898 431 309 &#8211; Adresse postale : Immeuble La Grand Voile, Rue Cadastre Zac \u00e9tang z&rsquo;abricots, 97200, Martinique &#8211; https:\/\/lezestbar.com\/cgv<\/p><p><b>Responsable Technique<\/b> : SAS DIGITALOVERS \u2013 <a href=\"https:\/\/digitalovers.fr\/\">www.digitalovers.fr<\/a><\/p><p><b>Directeur de la publication : <\/b>J2P FOOD &#8211; Contact : contact@lezestbar.com.<\/p><p><b>H\u00e9bergeur :<\/b> Hostinger https:\/\/www.hostinger.com<\/p><p><b>D\u00e9l\u00e9gu\u00e9 \u00e0 la protection des donn\u00e9es : <\/b>Le Zest Bar &#8211; dpo@lezestbar.com<\/p><p><b>Cr\u00e9ateur Website<\/b> : SAS DIGITALOVERS \u2013 <a href=\"https:\/\/digitalovers.fr\/\">www.digitalovers.fr<\/a><\/p><p><b>Responsable Publication<\/b> : Le Zest Bar<br \/>Le responsable publication est une personne morale.<\/p><p><b>H\u00e9bergeur<\/b> : Hostinger international ltd. \u2013 61 lordou vironos street 6023 larnaca, cyprus2. conditions g\u00e9n\u00e9rales d\u2019utilisation du site et des services propos\u00e9s.l\u2019utilisation du site <b>lezestbar.com<\/b> implique l\u2019acceptation pleine et enti\u00e8re des conditions g\u00e9n\u00e9rales d\u2019utilisation ci-apr\u00e8s d\u00e9crites. ces conditions d\u2019utilisation sont susceptibles d\u2019\u00eatre modifi\u00e9es ou compl\u00e9t\u00e9es \u00e0 tout moment, les utilisateurs du site <b>lezestbar.com<\/b> sont donc invit\u00e9s \u00e0 les consulter de mani\u00e8re r\u00e9guli\u00e8re.ce site est normalement accessible \u00e0 tout moment aux utilisateurs. une interruption pour raison de maintenance technique peut \u00eatre toutefois d\u00e9cid\u00e9e par Le Zest Bar, qui s\u2019efforcera alors de communiquer pr\u00e9alablement aux utilisateurs les dates et heures de l\u2019intervention.<\/p><p>Le site <a href=\"http:\/\/lezestbar.com\/en\/\">lezestbar.com<\/a> est mis \u00e0 jour r\u00e9guli\u00e8rement par Le Zest Bar x Digitalovers. de la m\u00eame fa\u00e7on, les mentions l\u00e9gales peuvent \u00eatre modifi\u00e9es \u00e0 tout moment : elles s\u2019imposent n\u00e9anmoins \u00e0 l\u2019utilisateur qui est invit\u00e9 \u00e0 s\u2019y r\u00e9f\u00e9rer le plus souvent possible afin d\u2019en prendre connaissance.<\/p><h6><b>2 &#8211; Propri\u00e9t\u00e9 intellectuelle et contrefa\u00e7ons<\/b><\/h6><p><b>J2P FOOD, Soci\u00e9t\u00e9 par Actions Simplifi\u00e9e \u00e0 associ\u00e9 Unique<\/b> est propri\u00e9taire des droits de propri\u00e9t\u00e9 intellectuelle et d\u00e9tient les droits d\u2019usage sur tous les \u00e9l\u00e9ments accessibles sur le site internet, notamment les textes, images, graphismes, logos, vid\u00e9os, architecture, ic\u00f4nes et sons.<\/p><p>Toute reproduction, repr\u00e9sentation, modification, publication, adaptation de tout ou partie des \u00e9l\u00e9ments du site, quel que soit le moyen ou le proc\u00e9d\u00e9 utilis\u00e9, est interdite, sauf autorisation \u00e9crite pr\u00e9alable de <b>J2P FOOD, Soci\u00e9t\u00e9 par Actions Simplifi\u00e9e \u00e0 associ\u00e9 Unique<\/b>.<\/p><p>Toute exploitation non autoris\u00e9e du site ou de l\u2019un quelconque des \u00e9l\u00e9ments qu\u2019il contient sera consid\u00e9r\u00e9e comme constitutive d\u2019une contrefa\u00e7on et poursuivie conform\u00e9ment aux dispositions des articles <a href=\"https:\/\/www.legifrance.gouv.fr\/affichCodeArticle.do?idArticle=LEGIARTI000032655082&amp;cidTexte=LEGITEXT000006069414&amp;dateTexte=20160605\">L.335-2 et suivants du Code de Propri\u00e9t\u00e9 Intellectuelle<\/a>.<\/p><h6><b>3 &#8211; Limitations de responsabilit\u00e9<\/b><\/h6><p><b>J2P FOOD, Soci\u00e9t\u00e9 par Actions Simplifi\u00e9e \u00e0 associ\u00e9 Unique<\/b> ne pourra \u00eatre tenu pour responsable des dommages directs et indirects caus\u00e9s au mat\u00e9riel de l\u2019utilisateur, lors de l\u2019acc\u00e8s au site <b>https:\/\/lezestbar.com<\/b>.<\/p><p><b>J2P FOOD, Soci\u00e9t\u00e9 par Actions Simplifi\u00e9e \u00e0 associ\u00e9 Unique<\/b> d\u00e9cline toute responsabilit\u00e9 quant \u00e0 l\u2019utilisation qui pourrait \u00eatre faite des informations et contenus pr\u00e9sents sur <b>https:\/\/lezestbar.com<\/b>.<\/p><p><b>J2P FOOD, Soci\u00e9t\u00e9 par Actions Simplifi\u00e9e \u00e0 associ\u00e9 Unique<\/b> s\u2019engage \u00e0 s\u00e9curiser au mieux le site <b>https:\/\/lezestbar.com<\/b>, cependant sa responsabilit\u00e9 ne pourra \u00eatre mise en cause si des donn\u00e9es ind\u00e9sirables sont import\u00e9es et install\u00e9es sur son site \u00e0 son insu.<\/p><p>Des espaces interactifs (espace contact ou commentaires) sont \u00e0 la disposition des utilisateurs. <b>J2P FOOD, Soci\u00e9t\u00e9 par Actions Simplifi\u00e9e \u00e0 associ\u00e9 Unique<\/b> se r\u00e9serve le droit de supprimer, sans mise en demeure pr\u00e9alable, tout contenu d\u00e9pos\u00e9 dans cet espace qui contreviendrait \u00e0 la l\u00e9gislation applicable en France, en particulier aux dispositions relatives \u00e0 la protection des donn\u00e9es.<\/p><p>Le cas \u00e9ch\u00e9ant, <b>J2P FOOD, Soci\u00e9t\u00e9 par Actions Simplifi\u00e9e \u00e0 associ\u00e9 Unique<\/b> se r\u00e9serve \u00e9galement la possibilit\u00e9 de mettre en cause la responsabilit\u00e9 civile et\/ou p\u00e9nale de l\u2019utilisateur, notamment en cas de message \u00e0 caract\u00e8re raciste, injurieux, diffamant, ou pornographique, quel que soit le support utilis\u00e9 (texte, photographie \u2026).<\/p><h6><b>4 &#8211; CNIL et gestion des donn\u00e9es personnelles<\/b><\/h6><p>Conform\u00e9ment aux dispositions de <a href=\"https:\/\/www.legifrance.gouv.fr\/affichTexte.do?cidTexte=JORFTEXT000000886460\">la loi 78-17 du 6 janvier 1978 modifi\u00e9e<\/a>, l\u2019utilisateur du site <b>https:\/\/lezestbar.com<\/b>\u00a0dispose d\u2019un droit d\u2019acc\u00e8s, de modification et de suppression des informations collect\u00e9es. Pour exercer ce droit, envoyez un message \u00e0 notre D\u00e9l\u00e9gu\u00e9 \u00e0 la Protection des Donn\u00e9es : <b>The Zest Bar<\/b> &#8211; <b>dpo@lezestbar.com<\/b>.<\/p><p>Pour plus d&rsquo;informations sur la fa\u00e7on dont nous traitons vos donn\u00e9es (type de donn\u00e9es, finalit\u00e9, destinataire&#8230;), lisez notre <b>https:\/\/lezestbar.com\/politique-de-confidentialite<\/b>.<\/p><h6><b>5 &#8211; Liens hypertextes et cookies<\/b><\/h6><p>Le site <b>https:\/\/lezestbar.com<\/b>\u00a0contient des liens hypertextes vers d\u2019autres sites et d\u00e9gage toute responsabilit\u00e9 \u00e0 propos de ces liens externes ou des liens cr\u00e9\u00e9s par d\u2019autres sites vers <b>https:\/\/lezestbar.com<\/b>.<\/p><p>La navigation sur le site <b>https:\/\/lezestbar.com<\/b>\u00a0est susceptible de provoquer l\u2019installation de cookie(s) sur l\u2019ordinateur de l\u2019utilisateur.<\/p><p>Un \u00ab\u00a0cookie\u00a0\u00bb est un fichier de petite taille qui enregistre des informations relatives \u00e0 la navigation d\u2019un utilisateur sur un site. Les donn\u00e9es ainsi obtenues permettent d&rsquo;obtenir des mesures de fr\u00e9quentation, par exemple.<\/p><p>Vous avez la possibilit\u00e9 <b>d\u2019accepter ou de refuser les cookies<\/b> en modifiant les param\u00e8tres de votre navigateur. Aucun cookie ne sera d\u00e9pos\u00e9 sans votre consentement.<\/p><p>Les cookies sont enregistr\u00e9s pour une dur\u00e9e maximale de 3 mois.<\/p><p>Pour plus d&rsquo;informations sur la fa\u00e7on dont nous faisons usage des cookies, lisez notre <b>https:\/\/lezestbar.com\/politique-de-confidentialite<\/b>.<\/p><h6><b>6 &#8211; Droit applicable et attribution de juridiction<\/b><\/h6><p>Tout litige en relation avec l\u2019utilisation du site <b>https:\/\/lezestbar.com<\/b>\u00a0est soumis au droit fran\u00e7ais. En dehors des cas o\u00f9 la loi ne le permet pas, il est fait attribution exclusive de juridiction aux tribunaux comp\u00e9tents de <b>Fort-de-France<\/b>.<\/p>\t\t\t\t\t\t\t\t<\/div>\n\t\t\t\t<\/div>\n\t\t\t\t\t<\/div>\n\t\t\t\t<\/div>\n\t\t\t\t<\/div>","protected":false},"excerpt":{"rendered":"<p>La Carte R\u00e9server Mentions l\u00e9gales 1 &#8211; \u00c9dition du site En vertu de l&rsquo;article 6 de la loi n\u00b0 2004-575 du 21 juin 2004 pour la confiance dans l&rsquo;\u00e9conomie num\u00e9rique, il est pr\u00e9cis\u00e9 aux utilisateurs du site internet https:\/\/lezestbar.com\u00a0l&rsquo;identit\u00e9 des diff\u00e9rents intervenants dans le cadre de sa r\u00e9alisation et de son suivi: Propri\u00e9taire du site [&hellip;]<\/p>\n","protected":false},"author":1,"featured_media":0,"parent":0,"menu_order":0,"comment_status":"closed","ping_status":"closed","template":"elementor_canvas","meta":{"_monsterinsights_skip_tracking":false,"_monsterinsights_sitenote_active":false,"_monsterinsights_sitenote_note":"","_monsterinsights_sitenote_category":0,"footnotes":""},"class_list":["post-8445","page","type-page","status-publish","hentry"],"_links":{"self":[{"href":"https:\/\/lezestbar.com\/en\/wp-json\/wp\/v2\/pages\/8445","targetHints":{"allow":["GET"]}}],"collection":[{"href":"https:\/\/lezestbar.com\/en\/wp-json\/wp\/v2\/pages"}],"about":[{"href":"https:\/\/lezestbar.com\/en\/wp-json\/wp\/v2\/types\/page"}],"author":[{"embeddable":true,"href":"https:\/\/lezestbar.com\/en\/wp-json\/wp\/v2\/users\/1"}],"replies":[{"embeddable":true,"href":"https:\/\/lezestbar.com\/en\/wp-json\/wp\/v2\/comments?post=8445"}],"version-history":[{"count":11,"href":"https:\/\/lezestbar.com\/en\/wp-json\/wp\/v2\/pages\/8445\/revisions"}],"predecessor-version":[{"id":8979,"href":"https:\/\/lezestbar.com\/en\/wp-json\/wp\/v2\/pages\/8445\/revisions\/8979"}],"wp:attachment":[{"href":"https:\/\/lezestbar.com\/en\/wp-json\/wp\/v2\/media?parent=8445"}],"curies":[{"name":"wp","href":"https:\/\/api.w.org\/{rel}","templated":true}]}}