{"id":8440,"date":"2025-01-17T17:58:58","date_gmt":"2025-01-17T21:58:58","guid":{"rendered":"https:\/\/lezestbar.com\/?page_id=8440"},"modified":"2026-03-31T13:20:46","modified_gmt":"2026-03-31T17:20:46","slug":"politique-de-confidentialite-2","status":"publish","type":"page","link":"https:\/\/lezestbar.com\/en\/politique-de-confidentialite-2\/","title":{"rendered":"POLITIQUE DE CONFIDENTIALIT\u00c9"},"content":{"rendered":"<div data-elementor-type=\"wp-page\" data-elementor-id=\"8440\" class=\"elementor elementor-8440\" data-elementor-post-type=\"page\">\n\t\t\t\t<div class=\"elementor-element elementor-element-37ed903 elementor-hidden-desktop elementor-hidden-tablet e-flex e-con-boxed e-con e-parent\" data-id=\"37ed903\" data-element_type=\"container\" data-e-type=\"container\" data-settings=\"{&quot;background_background&quot;:&quot;classic&quot;}\">\n\t\t\t\t\t<div class=\"e-con-inner\">\n\t\t<div class=\"elementor-element elementor-element-0c0acb4 e-con-full e-flex e-con e-child\" data-id=\"0c0acb4\" data-element_type=\"container\" data-e-type=\"container\">\n\t\t\t\t<div class=\"elementor-element elementor-element-75efa09 elementor-mobile-align-center elementor-widget elementor-widget-button\" data-id=\"75efa09\" data-element_type=\"widget\" data-e-type=\"widget\" data-widget_type=\"button.default\">\n\t\t\t\t<div class=\"elementor-widget-container\">\n\t\t\t\t\t\t\t\t\t<div class=\"elementor-button-wrapper\">\n\t\t\t\t\t<a class=\"elementor-button elementor-button-link elementor-size-sm\" href=\"https:\/\/menuwidget.zenchef.com\/v4.php?rid=359847#menu-447610\" target=\"_blank\">\n\t\t\t\t\t\t<span class=\"elementor-button-content-wrapper\">\n\t\t\t\t\t\t\t\t\t<span class=\"elementor-button-text\">Menu<\/span>\n\t\t\t\t\t<\/span>\n\t\t\t\t\t<\/a>\n\t\t\t\t<\/div>\n\t\t\t\t\t\t\t\t<\/div>\n\t\t\t\t<\/div>\n\t\t\t\t<\/div>\n\t\t<div class=\"elementor-element elementor-element-eaa9452 e-con-full e-flex e-con e-child\" data-id=\"eaa9452\" data-element_type=\"container\" data-e-type=\"container\">\n\t\t\t\t<div class=\"elementor-element elementor-element-b2393e5 elementor-mobile-align-center elementor-widget elementor-widget-button\" data-id=\"b2393e5\" data-element_type=\"widget\" data-e-type=\"widget\" data-widget_type=\"button.default\">\n\t\t\t\t<div class=\"elementor-widget-container\">\n\t\t\t\t\t\t\t\t\t<div class=\"elementor-button-wrapper\">\n\t\t\t\t\t<a class=\"elementor-button elementor-button-link elementor-size-sm\" href=\"\/en\/reservation\/\">\n\t\t\t\t\t\t<span class=\"elementor-button-content-wrapper\">\n\t\t\t\t\t\t\t\t\t<span class=\"elementor-button-text\">Book<\/span>\n\t\t\t\t\t<\/span>\n\t\t\t\t\t<\/a>\n\t\t\t\t<\/div>\n\t\t\t\t\t\t\t\t<\/div>\n\t\t\t\t<\/div>\n\t\t\t\t<\/div>\n\t\t\t\t\t<\/div>\n\t\t\t\t<\/div>\n\t\t<div class=\"elementor-element elementor-element-a65b973 formulaire-reservation e-flex e-con-boxed e-con e-parent\" data-id=\"a65b973\" data-element_type=\"container\" data-e-type=\"container\" id=\"formulaire-reservation\">\n\t\t\t\t\t<div class=\"e-con-inner\">\n\t\t\t\t<div class=\"elementor-element elementor-element-a902b26 elementor-widget elementor-widget-heading\" data-id=\"a902b26\" data-element_type=\"widget\" data-e-type=\"widget\" data-widget_type=\"heading.default\">\n\t\t\t\t<div class=\"elementor-widget-container\">\n\t\t\t\t\t<h2 class=\"elementor-heading-title elementor-size-default\">privacy policy<\/h2>\t\t\t\t<\/div>\n\t\t\t\t<\/div>\n\t\t\t\t<div class=\"elementor-element elementor-element-405d93f elementor-widget elementor-widget-text-editor\" data-id=\"405d93f\" data-element_type=\"widget\" data-e-type=\"widget\" data-widget_type=\"text-editor.default\">\n\t\t\t\t<div class=\"elementor-widget-container\">\n\t\t\t\t\t\t\t\t\t<p>Le site <b>The Zest Bar <\/b>is the property of <b>J2P FOOD<\/b>, qui est responsable du traitement de vos donn\u00e9es personnelles.<\/p><p>Nous avons adopt\u00e9 cette politique de confidentialit\u00e9, qui d\u00e9termine comment nous traitons les informations collect\u00e9es par <b>The Zest Bar<\/b>, qui fournit \u00e9galement les raisons pour lesquelles nous devons collecter certaines donn\u00e9es personnelles vous concernant. Par cons\u00e9quent, vous devez lire cette politique de confidentialit\u00e9 avant d&rsquo;utiliser le site Web de <b>The Zest Bar<\/b>.<\/p><p>Nous prenons soin de vos donn\u00e9es personnelles et nous engageons \u00e0 en garantir la confidentialit\u00e9 et la s\u00e9curit\u00e9.<\/p><p><b>Informations personnelles que nous collectons :<\/b><\/p><p>Lorsque vous visitez <b>The Zest Bar<\/b>, nous collectons automatiquement certaines informations sur votre appareil, notamment des informations sur votre navigateur Web, votre adresse IP, votre fuseau horaire et certains des cookies install\u00e9s sur votre appareil.<\/p><p>De plus, lorsque vous naviguez sur le Site, nous recueillons des informations sur les pages Web individuelles ou les produits que vous consultez, les sites Web ou les termes de recherche qui vous ont r\u00e9f\u00e9r\u00e9 au Site et la mani\u00e8re dont vous interagissez avec le Site. Nous appelons ces informations collect\u00e9es automatiquement \u00ab\u00a0Informations sur l&rsquo;appareil\u00a0\u00bb.<\/p><p>De plus, nous pouvons collecter les <b>donn\u00e9es personnelles<\/b> que vous nous fournissez :<\/p><ul><li>Nom,<\/li><li>Pr\u00e9nom,<\/li><li>Email,<\/li><li>Num\u00e9ro de t\u00e9l\u00e9phone.<\/li><\/ul><p>Ces donn\u00e9es sont recueillies lors de la prise de contact ou lors de t\u00e9l\u00e9chargements afin de pouvoir remplir l&rsquo;accord.<\/p><p><b>Pourquoi traitons-nous vos donn\u00e9es ?<\/b><\/p><p>Notre priorit\u00e9 absolue est la s\u00e9curit\u00e9 des donn\u00e9es des clients et, en tant que telle, nous ne pouvons traiter que des donn\u00e9es utilisateur minimales, uniquement dans la mesure o\u00f9 cela est absolument n\u00e9cessaire pour maintenir le site Web. Les informations collect\u00e9es automatiquement ne sont utilis\u00e9es que pour identifier les cas potentiels d&rsquo;abus et \u00e9tablir des informations statistiques concernant l&rsquo;utilisation du site Web. Ces informations statistiques ne sont pas autrement agr\u00e9g\u00e9es de mani\u00e8re \u00e0 identifier un utilisateur particulier du syst\u00e8me.<\/p><p>Vous pouvez visiter le site Web sans nous dire qui vous \u00eates ni r\u00e9v\u00e9ler aucune information par laquelle quelqu&rsquo;un pourrait vous identifier en tant qu&rsquo;individu sp\u00e9cifique et identifiable. Si toutefois vous souhaitez utiliser certaines fonctionnalit\u00e9s du site, ou vous souhaitez recevoir notre newsletter ou fournir d&rsquo;autres informations en remplissant un formulaire, vous pouvez nous fournir des donn\u00e9es personnelles, telles que votre email, pr\u00e9nom, nom, num\u00e9ro de t\u00e9l\u00e9phone. Vous pouvez choisir de ne pas nous fournir vos donn\u00e9es personnelles, mais vous ne pourrez peut-\u00eatre pas profiter de certaines fonctionnalit\u00e9s du site Web. Par exemple, vous ne pourrez pas recevoir nos campagnes d&#8217;emailing ou nous contacter directement depuis le site Web.<\/p><p><b>Vos droits :<\/b><\/p><p>Si vous \u00eates r\u00e9sident europ\u00e9en, vous disposez des droits suivants relatifs \u00e0 vos donn\u00e9es personnelles :<\/p><ul><li>Le droit d&rsquo;\u00eatre inform\u00e9.<\/li><li>Le droit d&rsquo;acc\u00e8s.<\/li><li>Le droit de rectification.<\/li><li>Le droit \u00e0 l&rsquo;effacement.<\/li><li>Le droit de restreindre le traitement.<\/li><li>Le droit \u00e0 la portabilit\u00e9 des donn\u00e9es.<\/li><li>Le droit de s&rsquo;opposer.<\/li><\/ul><p>Droits relatifs \u00e0 la prise de d\u00e9cision automatis\u00e9e et au profilage. Si vous souhaitez exercer ce droit, veuillez nous contacter via les coordonn\u00e9es ci-dessous.<\/p><p><b>Liens vers d&rsquo;autres sites :<\/b><\/p><p>Notre site Web peut contenir des liens vers d&rsquo;autres sites Web qui ne sont pas d\u00e9tenus ou contr\u00f4l\u00e9s par nous. Veuillez noter que nous ne sommes pas responsables de ces autres sites Web ou des pratiques de confidentialit\u00e9 de tiers. Nous vous encourageons \u00e0 \u00eatre attentif lorsque vous quittez notre site Web et \u00e0 lire les d\u00e9clarations de confidentialit\u00e9 de chaque site Web susceptible de collecter des informations personnelles.<\/p><p><b>S\u00e9curit\u00e9 des informations :<\/b><\/p><p>Nous s\u00e9curisons les informations que vous fournissez sur des serveurs informatiques dans un environnement contr\u00f4l\u00e9 et s\u00e9curis\u00e9, prot\u00e9g\u00e9 contre tout acc\u00e8s, utilisation ou divulgation non autoris\u00e9s. Nous conservons des mesures de protection administratives, techniques et physiques raisonnables pour nous prot\u00e9ger contre l&rsquo;acc\u00e8s, l&rsquo;utilisation, la modification et la divulgation de donn\u00e9es personnelles non autoris\u00e9s sous son contr\u00f4le et sa garde. Cependant, aucune transmission de donn\u00e9es via Internet ou un r\u00e9seau sans fil ne peut \u00eatre garantie.<\/p><p><b>Divulgation l\u00e9gale :<\/b><\/p><p>Nous divulguerons toute information que nous recueillons, utilisons ou recevons si la loi l&rsquo;exige ou le permet, par exemple pour se conformer \u00e0 une assignation \u00e0 compara\u00eetre ou \u00e0 une proc\u00e9dure judiciaire similaire, et lorsque nous croyons de bonne foi que la divulgation est n\u00e9cessaire pour prot\u00e9ger nos droits, prot\u00e9ger votre s\u00e9curit\u00e9 ou la s\u00e9curit\u00e9 d&rsquo;autrui, enqu\u00eater sur une fraude ou r\u00e9pondre \u00e0 une demande du gouvernement.<\/p><p>Si vous souhaitez nous contacter pour en savoir plus sur cette politique ou si vous souhaitez nous contacter concernant toute question relative aux droits individuels et \u00e0 vos informations personnelles, vous pouvez envoyer un formulaire accessible depuis la page <a href=\"https:\/\/lezestbar.com\/en\/contact\/\">CONTACT.<\/a><\/p>\t\t\t\t\t\t\t\t<\/div>\n\t\t\t\t<\/div>\n\t\t\t\t\t<\/div>\n\t\t\t\t<\/div>\n\t\t\t\t<\/div>","protected":false},"excerpt":{"rendered":"<p>La Carte R\u00e9server Politique de confidentialit\u00e9 Le site Le Zest Bar est la propri\u00e9t\u00e9 de J2P FOOD, qui est responsable du traitement de vos donn\u00e9es personnelles. Nous avons adopt\u00e9 cette politique de confidentialit\u00e9, qui d\u00e9termine comment nous traitons les informations collect\u00e9es par Le Zest Bar, qui fournit \u00e9galement les raisons pour lesquelles nous devons collecter [&hellip;]<\/p>\n","protected":false},"author":1,"featured_media":0,"parent":0,"menu_order":0,"comment_status":"closed","ping_status":"closed","template":"elementor_canvas","meta":{"_monsterinsights_skip_tracking":false,"_monsterinsights_sitenote_active":false,"_monsterinsights_sitenote_note":"","_monsterinsights_sitenote_category":0,"footnotes":""},"class_list":["post-8440","page","type-page","status-publish","hentry"],"_links":{"self":[{"href":"https:\/\/lezestbar.com\/en\/wp-json\/wp\/v2\/pages\/8440","targetHints":{"allow":["GET"]}}],"collection":[{"href":"https:\/\/lezestbar.com\/en\/wp-json\/wp\/v2\/pages"}],"about":[{"href":"https:\/\/lezestbar.com\/en\/wp-json\/wp\/v2\/types\/page"}],"author":[{"embeddable":true,"href":"https:\/\/lezestbar.com\/en\/wp-json\/wp\/v2\/users\/1"}],"replies":[{"embeddable":true,"href":"https:\/\/lezestbar.com\/en\/wp-json\/wp\/v2\/comments?post=8440"}],"version-history":[{"count":7,"href":"https:\/\/lezestbar.com\/en\/wp-json\/wp\/v2\/pages\/8440\/revisions"}],"predecessor-version":[{"id":8976,"href":"https:\/\/lezestbar.com\/en\/wp-json\/wp\/v2\/pages\/8440\/revisions\/8976"}],"wp:attachment":[{"href":"https:\/\/lezestbar.com\/en\/wp-json\/wp\/v2\/media?parent=8440"}],"curies":[{"name":"wp","href":"https:\/\/api.w.org\/{rel}","templated":true}]}}