{"id":8220,"date":"2025-01-15T17:33:02","date_gmt":"2025-01-15T21:33:02","guid":{"rendered":"https:\/\/lezestbar.com\/?page_id=8220"},"modified":"2026-03-31T10:26:45","modified_gmt":"2026-03-31T14:26:45","slug":"groupes-et-privatisations","status":"publish","type":"page","link":"https:\/\/lezestbar.com\/en\/groupes-et-privatisations\/","title":{"rendered":"GROUPES ET PRIVATISATIONS"},"content":{"rendered":"<div data-elementor-type=\"wp-page\" data-elementor-id=\"8220\" class=\"elementor elementor-8220\" data-elementor-post-type=\"page\">\n\t\t\t\t<div class=\"elementor-element elementor-element-101064b elementor-hidden-desktop elementor-hidden-tablet e-flex e-con-boxed e-con e-parent\" data-id=\"101064b\" data-element_type=\"container\" data-e-type=\"container\" data-settings=\"{&quot;background_background&quot;:&quot;classic&quot;}\">\n\t\t\t\t\t<div class=\"e-con-inner\">\n\t\t<div class=\"elementor-element elementor-element-aa1b70d e-con-full e-flex e-con e-child\" data-id=\"aa1b70d\" data-element_type=\"container\" data-e-type=\"container\">\n\t\t\t\t<div class=\"elementor-element elementor-element-23c6955 elementor-mobile-align-center elementor-widget elementor-widget-button\" data-id=\"23c6955\" data-element_type=\"widget\" data-e-type=\"widget\" data-widget_type=\"button.default\">\n\t\t\t\t<div class=\"elementor-widget-container\">\n\t\t\t\t\t\t\t\t\t<div class=\"elementor-button-wrapper\">\n\t\t\t\t\t<a class=\"elementor-button elementor-button-link elementor-size-sm\" href=\"https:\/\/menuwidget.zenchef.com\/v4.php?rid=359847#menu-447610\" target=\"_blank\">\n\t\t\t\t\t\t<span class=\"elementor-button-content-wrapper\">\n\t\t\t\t\t\t\t\t\t<span class=\"elementor-button-text\">Menu<\/span>\n\t\t\t\t\t<\/span>\n\t\t\t\t\t<\/a>\n\t\t\t\t<\/div>\n\t\t\t\t\t\t\t\t<\/div>\n\t\t\t\t<\/div>\n\t\t\t\t<\/div>\n\t\t<div class=\"elementor-element elementor-element-45fe3f7 e-con-full e-flex e-con e-child\" data-id=\"45fe3f7\" data-element_type=\"container\" data-e-type=\"container\">\n\t\t\t\t<div class=\"elementor-element elementor-element-ab1504f elementor-mobile-align-center elementor-widget elementor-widget-button\" data-id=\"ab1504f\" data-element_type=\"widget\" data-e-type=\"widget\" data-widget_type=\"button.default\">\n\t\t\t\t<div class=\"elementor-widget-container\">\n\t\t\t\t\t\t\t\t\t<div class=\"elementor-button-wrapper\">\n\t\t\t\t\t<a class=\"elementor-button elementor-button-link elementor-size-sm\" href=\"\/en\/reservation\/\">\n\t\t\t\t\t\t<span class=\"elementor-button-content-wrapper\">\n\t\t\t\t\t\t\t\t\t<span class=\"elementor-button-text\">Book<\/span>\n\t\t\t\t\t<\/span>\n\t\t\t\t\t<\/a>\n\t\t\t\t<\/div>\n\t\t\t\t\t\t\t\t<\/div>\n\t\t\t\t<\/div>\n\t\t\t\t<\/div>\n\t\t\t\t\t<\/div>\n\t\t\t\t<\/div>\n\t\t<div class=\"elementor-element elementor-element-cad3980 e-flex e-con-boxed e-con e-parent\" data-id=\"cad3980\" data-element_type=\"container\" data-e-type=\"container\">\n\t\t\t\t\t<div class=\"e-con-inner\">\n\t\t<div class=\"elementor-element elementor-element-5f5f78b e-con-full e-flex e-con e-child\" data-id=\"5f5f78b\" data-element_type=\"container\" data-e-type=\"container\">\n\t\t\t\t<div class=\"elementor-element elementor-element-85348a2 elementor-widget elementor-widget-image\" data-id=\"85348a2\" data-element_type=\"widget\" data-e-type=\"widget\" data-widget_type=\"image.default\">\n\t\t\t\t<div class=\"elementor-widget-container\">\n\t\t\t\t\t\t\t\t\t\t\t\t\t\t\t<img fetchpriority=\"high\" decoding=\"async\" width=\"6899\" height=\"5174\" src=\"https:\/\/lezestbar.com\/wp-content\/uploads\/2025\/01\/AMP_LE_ZEST_ANNIV_2_ANS_06072024-113.jpg\" class=\"attachment-full size-full wp-image-8222\" alt=\"lezestbar - bar \u00e0 rhum en martinique - restaurant fort de france - cuisine raffin\u00e9e - plein air - terrasse - espace - soir\u00e9e - bbq - grill - resto - restaurant b&amp;b hotel - bar - anniversaire - mariage - event - \u00e9v\u00e8nementiel - d\u00e9jeuner - diner - pool party - boire un verre ou manger en martinique\" srcset=\"https:\/\/lezestbar.com\/wp-content\/uploads\/2025\/01\/AMP_LE_ZEST_ANNIV_2_ANS_06072024-113.jpg 6899w, https:\/\/lezestbar.com\/wp-content\/uploads\/2025\/01\/AMP_LE_ZEST_ANNIV_2_ANS_06072024-113-300x225.jpg 300w, https:\/\/lezestbar.com\/wp-content\/uploads\/2025\/01\/AMP_LE_ZEST_ANNIV_2_ANS_06072024-113-1024x768.jpg 1024w, https:\/\/lezestbar.com\/wp-content\/uploads\/2025\/01\/AMP_LE_ZEST_ANNIV_2_ANS_06072024-113-768x576.jpg 768w, https:\/\/lezestbar.com\/wp-content\/uploads\/2025\/01\/AMP_LE_ZEST_ANNIV_2_ANS_06072024-113-1536x1152.jpg 1536w, https:\/\/lezestbar.com\/wp-content\/uploads\/2025\/01\/AMP_LE_ZEST_ANNIV_2_ANS_06072024-113-2048x1536.jpg 2048w\" sizes=\"(max-width: 6899px) 100vw, 6899px\" \/>\t\t\t\t\t\t\t\t\t\t\t\t\t\t\t<\/div>\n\t\t\t\t<\/div>\n\t\t\t\t<\/div>\n\t\t<div class=\"elementor-element elementor-element-cbc4062 e-con-full e-flex e-con e-child\" data-id=\"cbc4062\" data-element_type=\"container\" data-e-type=\"container\">\n\t\t\t\t<div class=\"elementor-element elementor-element-2285bd4 elementor-widget elementor-widget-heading\" data-id=\"2285bd4\" data-element_type=\"widget\" data-e-type=\"widget\" data-widget_type=\"heading.default\">\n\t\t\t\t<div class=\"elementor-widget-container\">\n\t\t\t\t\t<h2 class=\"elementor-heading-title elementor-size-default\">Group of more<\/h2>\t\t\t\t<\/div>\n\t\t\t\t<\/div>\n\t\t\t\t<div class=\"elementor-element elementor-element-5aceb35 elementor-widget elementor-widget-heading\" data-id=\"5aceb35\" data-element_type=\"widget\" data-e-type=\"widget\" data-widget_type=\"heading.default\">\n\t\t\t\t<div class=\"elementor-widget-container\">\n\t\t\t\t\t<p class=\"elementor-heading-title elementor-size-default\">10 Persons<\/p>\t\t\t\t<\/div>\n\t\t\t\t<\/div>\n\t\t\t\t<div class=\"elementor-element elementor-element-6e5f028 elementor-widget elementor-widget-text-editor\" data-id=\"6e5f028\" data-element_type=\"widget\" data-e-type=\"widget\" data-widget_type=\"text-editor.default\">\n\t\t\t\t<div class=\"elementor-widget-container\">\n\t\t\t\t\t\t\t\t\t<p><strong>Dinner cocktails<\/strong> and <strong>privatization<\/strong> <br \/>for a <strong>menu suggestion<\/strong> and a <strong>personalized quote<\/strong>.<\/p>\t\t\t\t\t\t\t\t<\/div>\n\t\t\t\t<\/div>\n\t\t\t\t<div class=\"elementor-element elementor-element-91fa55d elementor-widget__width-auto elementor-widget-tablet__width-auto elementor-align-center elementor-widget elementor-widget-button\" data-id=\"91fa55d\" data-element_type=\"widget\" data-e-type=\"widget\" data-widget_type=\"button.default\">\n\t\t\t\t<div class=\"elementor-widget-container\">\n\t\t\t\t\t\t\t\t\t<div class=\"elementor-button-wrapper\">\n\t\t\t\t\t<a class=\"elementor-button elementor-button-link elementor-size-sm\" href=\"\/en\/acces-contact\/\">\n\t\t\t\t\t\t<span class=\"elementor-button-content-wrapper\">\n\t\t\t\t\t\t<span class=\"elementor-button-icon\">\n\t\t\t\t\t\t\t<\/span>\n\t\t\t\t\t\t\t\t\t<span class=\"elementor-button-text\">Send my request<\/span>\n\t\t\t\t\t<\/span>\n\t\t\t\t\t<\/a>\n\t\t\t\t<\/div>\n\t\t\t\t\t\t\t\t<\/div>\n\t\t\t\t<\/div>\n\t\t\t\t<\/div>\n\t\t\t\t\t<\/div>\n\t\t\t\t<\/div>\n\t\t\t\t<\/div>","protected":false},"excerpt":{"rendered":"<p>La Carte R\u00e9server Groupes de + de 10 Personnes Cocktails dinatoires et privatisation pour une proposition de menu et un devis personnalis\u00e9. Faire ma demande<\/p>","protected":false},"author":1,"featured_media":0,"parent":0,"menu_order":0,"comment_status":"closed","ping_status":"closed","template":"elementor_canvas","meta":{"_monsterinsights_skip_tracking":false,"_monsterinsights_sitenote_active":false,"_monsterinsights_sitenote_note":"","_monsterinsights_sitenote_category":0,"footnotes":""},"class_list":["post-8220","page","type-page","status-publish","hentry"],"_links":{"self":[{"href":"https:\/\/lezestbar.com\/en\/wp-json\/wp\/v2\/pages\/8220","targetHints":{"allow":["GET"]}}],"collection":[{"href":"https:\/\/lezestbar.com\/en\/wp-json\/wp\/v2\/pages"}],"about":[{"href":"https:\/\/lezestbar.com\/en\/wp-json\/wp\/v2\/types\/page"}],"author":[{"embeddable":true,"href":"https:\/\/lezestbar.com\/en\/wp-json\/wp\/v2\/users\/1"}],"replies":[{"embeddable":true,"href":"https:\/\/lezestbar.com\/en\/wp-json\/wp\/v2\/comments?post=8220"}],"version-history":[{"count":73,"href":"https:\/\/lezestbar.com\/en\/wp-json\/wp\/v2\/pages\/8220\/revisions"}],"predecessor-version":[{"id":8964,"href":"https:\/\/lezestbar.com\/en\/wp-json\/wp\/v2\/pages\/8220\/revisions\/8964"}],"wp:attachment":[{"href":"https:\/\/lezestbar.com\/en\/wp-json\/wp\/v2\/media?parent=8220"}],"curies":[{"name":"wp","href":"https:\/\/api.w.org\/{rel}","templated":true}]}}