{"id":8199,"date":"2025-01-15T16:25:52","date_gmt":"2025-01-15T20:25:52","guid":{"rendered":"https:\/\/lezestbar.com\/?page_id=8199"},"modified":"2026-03-31T10:21:09","modified_gmt":"2026-03-31T14:21:09","slug":"la-cuisine","status":"publish","type":"page","link":"https:\/\/lezestbar.com\/en\/la-cuisine\/","title":{"rendered":"LA CUISINE"},"content":{"rendered":"<div data-elementor-type=\"wp-page\" data-elementor-id=\"8199\" class=\"elementor elementor-8199\" data-elementor-post-type=\"page\">\n\t\t\t\t<div class=\"elementor-element elementor-element-515bdc6 elementor-hidden-desktop elementor-hidden-tablet e-flex e-con-boxed e-con e-parent\" data-id=\"515bdc6\" data-element_type=\"container\" data-e-type=\"container\" data-settings=\"{&quot;background_background&quot;:&quot;classic&quot;}\">\n\t\t\t\t\t<div class=\"e-con-inner\">\n\t\t<div class=\"elementor-element elementor-element-8782dd9 e-con-full e-flex e-con e-child\" data-id=\"8782dd9\" data-element_type=\"container\" data-e-type=\"container\">\n\t\t\t\t<div class=\"elementor-element elementor-element-f89d4c9 elementor-mobile-align-center elementor-widget elementor-widget-button\" data-id=\"f89d4c9\" data-element_type=\"widget\" data-e-type=\"widget\" data-widget_type=\"button.default\">\n\t\t\t\t<div class=\"elementor-widget-container\">\n\t\t\t\t\t\t\t\t\t<div class=\"elementor-button-wrapper\">\n\t\t\t\t\t<a class=\"elementor-button elementor-button-link elementor-size-sm\" href=\"https:\/\/menuwidget.zenchef.com\/v4.php?rid=359847#menu-447610\" target=\"_blank\">\n\t\t\t\t\t\t<span class=\"elementor-button-content-wrapper\">\n\t\t\t\t\t\t\t\t\t<span class=\"elementor-button-text\">Menu<\/span>\n\t\t\t\t\t<\/span>\n\t\t\t\t\t<\/a>\n\t\t\t\t<\/div>\n\t\t\t\t\t\t\t\t<\/div>\n\t\t\t\t<\/div>\n\t\t\t\t<\/div>\n\t\t<div class=\"elementor-element elementor-element-8db9524 e-con-full e-flex e-con e-child\" data-id=\"8db9524\" data-element_type=\"container\" data-e-type=\"container\">\n\t\t\t\t<div class=\"elementor-element elementor-element-ccb32fc elementor-mobile-align-center elementor-widget elementor-widget-button\" data-id=\"ccb32fc\" data-element_type=\"widget\" data-e-type=\"widget\" data-widget_type=\"button.default\">\n\t\t\t\t<div class=\"elementor-widget-container\">\n\t\t\t\t\t\t\t\t\t<div class=\"elementor-button-wrapper\">\n\t\t\t\t\t<a class=\"elementor-button elementor-button-link elementor-size-sm\" href=\"\/en\/reservation\/\">\n\t\t\t\t\t\t<span class=\"elementor-button-content-wrapper\">\n\t\t\t\t\t\t\t\t\t<span class=\"elementor-button-text\">Book<\/span>\n\t\t\t\t\t<\/span>\n\t\t\t\t\t<\/a>\n\t\t\t\t<\/div>\n\t\t\t\t\t\t\t\t<\/div>\n\t\t\t\t<\/div>\n\t\t\t\t<\/div>\n\t\t\t\t\t<\/div>\n\t\t\t\t<\/div>\n\t\t<div class=\"elementor-element elementor-element-4ac3cca e-flex e-con-boxed e-con e-parent\" data-id=\"4ac3cca\" data-element_type=\"container\" data-e-type=\"container\">\n\t\t\t\t\t<div class=\"e-con-inner\">\n\t\t<div class=\"elementor-element elementor-element-1857ed0 e-con-full e-flex e-con e-child\" data-id=\"1857ed0\" data-element_type=\"container\" data-e-type=\"container\">\n\t\t\t\t<div class=\"elementor-element elementor-element-b6b7adc elementor-widget elementor-widget-image\" data-id=\"b6b7adc\" data-element_type=\"widget\" data-e-type=\"widget\" data-widget_type=\"image.default\">\n\t\t\t\t<div class=\"elementor-widget-container\">\n\t\t\t\t\t\t\t\t\t\t\t\t\t\t\t<img fetchpriority=\"high\" decoding=\"async\" width=\"5348\" height=\"3022\" src=\"https:\/\/lezestbar.com\/wp-content\/uploads\/2025\/01\/AMP_LE_ZEST_NOUVELLE_CARTE_NOV_2024-044-e1736975487398.jpg\" class=\"attachment-full size-full wp-image-8207\" alt=\"manger en martinique - restaurant martinique lezestbar - cuisine cr\u00e9ole - plat raffin\u00e9 - la carte - le menu -\" srcset=\"https:\/\/lezestbar.com\/wp-content\/uploads\/2025\/01\/AMP_LE_ZEST_NOUVELLE_CARTE_NOV_2024-044-e1736975487398.jpg 5348w, https:\/\/lezestbar.com\/wp-content\/uploads\/2025\/01\/AMP_LE_ZEST_NOUVELLE_CARTE_NOV_2024-044-e1736975487398-300x170.jpg 300w, https:\/\/lezestbar.com\/wp-content\/uploads\/2025\/01\/AMP_LE_ZEST_NOUVELLE_CARTE_NOV_2024-044-e1736975487398-1024x579.jpg 1024w, https:\/\/lezestbar.com\/wp-content\/uploads\/2025\/01\/AMP_LE_ZEST_NOUVELLE_CARTE_NOV_2024-044-e1736975487398-768x434.jpg 768w, https:\/\/lezestbar.com\/wp-content\/uploads\/2025\/01\/AMP_LE_ZEST_NOUVELLE_CARTE_NOV_2024-044-e1736975487398-1536x868.jpg 1536w, https:\/\/lezestbar.com\/wp-content\/uploads\/2025\/01\/AMP_LE_ZEST_NOUVELLE_CARTE_NOV_2024-044-e1736975487398-2048x1157.jpg 2048w\" sizes=\"(max-width: 5348px) 100vw, 5348px\" \/>\t\t\t\t\t\t\t\t\t\t\t\t\t\t\t<\/div>\n\t\t\t\t<\/div>\n\t\t\t\t<\/div>\n\t\t<div class=\"elementor-element elementor-element-d987c2e e-con-full e-flex e-con e-child\" data-id=\"d987c2e\" data-element_type=\"container\" data-e-type=\"container\">\n\t\t\t\t<div class=\"elementor-element elementor-element-37b832b elementor-widget elementor-widget-heading\" data-id=\"37b832b\" data-element_type=\"widget\" data-e-type=\"widget\" data-widget_type=\"heading.default\">\n\t\t\t\t<div class=\"elementor-widget-container\">\n\t\t\t\t\t<h1 class=\"elementor-heading-title elementor-size-default\">The Kitchen of Le Zest<\/h1>\t\t\t\t<\/div>\n\t\t\t\t<\/div>\n\t\t\t\t<div class=\"elementor-element elementor-element-7ce9ed2 elementor-widget elementor-widget-heading\" data-id=\"7ce9ed2\" data-element_type=\"widget\" data-e-type=\"widget\" data-widget_type=\"heading.default\">\n\t\t\t\t<div class=\"elementor-widget-container\">\n\t\t\t\t\t<h2 class=\"elementor-heading-title elementor-size-default\">An Authentic and Gourmet Cuisine<\/h2>\t\t\t\t<\/div>\n\t\t\t\t<\/div>\n\t\t\t\t<div class=\"elementor-element elementor-element-cf1e0f0 elementor-widget elementor-widget-text-editor\" data-id=\"cf1e0f0\" data-element_type=\"widget\" data-e-type=\"widget\" data-widget_type=\"text-editor.default\">\n\t\t\t\t<div class=\"elementor-widget-container\">\n\t\t\t\t\t\t\t\t\t<p>Au <strong>Zest, <\/strong>our cuisine reflects <strong>the very essence of Martinique,<\/strong>\u00a0while drawing inspiration from <strong>flavors from elsewhere. <\/strong>Each dish is prepared with <strong>fresh and local ingredients,<\/strong>\u00a0carefully selected to offer a <strong>unique culinary experience. <\/strong>Our chefs make it a point of honor to <strong>revisit the classics of Caribbean gastronomy while incorporating modern and creative touches. <\/strong>Whether it's a <strong>local fish tartare, <\/strong>of the <strong>\"accras\"<\/strong> revisite\u0301s, ou un<strong> simmered dish with tropical spices, <\/strong>every bite transports you to a <strong>taste journey<\/strong> where <strong>authenticity<\/strong> and <strong>innovation<\/strong> meet.<\/p>\t\t\t\t\t\t\t\t<\/div>\n\t\t\t\t<\/div>\n\t\t\t\t<\/div>\n\t\t\t\t\t<\/div>\n\t\t\t\t<\/div>\n\t\t<div class=\"elementor-element elementor-element-ee2851d e-con-full elementor-hidden-mobile e-flex e-con e-parent\" data-id=\"ee2851d\" data-element_type=\"container\" data-e-type=\"container\">\n\t\t<div class=\"elementor-element elementor-element-a9e8f4f e-con-full e-flex e-con e-child\" data-id=\"a9e8f4f\" data-element_type=\"container\" data-e-type=\"container\" data-settings=\"{&quot;background_background&quot;:&quot;classic&quot;}\">\n\t\t\t\t<\/div>\n\t\t<div class=\"elementor-element elementor-element-c6c15b0 e-con-full e-flex e-con e-child\" data-id=\"c6c15b0\" data-element_type=\"container\" data-e-type=\"container\">\n\t\t<div class=\"elementor-element elementor-element-fb4ec12 e-con-full e-flex e-con e-child\" data-id=\"fb4ec12\" data-element_type=\"container\" data-e-type=\"container\">\n\t\t\t\t<div class=\"elementor-element elementor-element-f1b42dd elementor-widget elementor-widget-image\" data-id=\"f1b42dd\" data-element_type=\"widget\" data-e-type=\"widget\" data-widget_type=\"image.default\">\n\t\t\t\t<div class=\"elementor-widget-container\">\n\t\t\t\t\t\t\t\t\t\t\t\t\t\t\t<img decoding=\"async\" width=\"800\" height=\"538\" src=\"https:\/\/lezestbar.com\/wp-content\/uploads\/2025\/01\/AMP_LE_ZEST_NOUVELLE_CARTE_NOV_2024-031-e1736974350492-1024x689.jpg\" class=\"attachment-large size-large wp-image-8206\" alt=\"restaurant martinique - le zest bar - cuisine cr\u00e9ole - plat raffin\u00e9 - la carte - le menu - le bar - bar \u00e0 rhum\" srcset=\"https:\/\/lezestbar.com\/wp-content\/uploads\/2025\/01\/AMP_LE_ZEST_NOUVELLE_CARTE_NOV_2024-031-e1736974350492-1024x689.jpg 1024w, https:\/\/lezestbar.com\/wp-content\/uploads\/2025\/01\/AMP_LE_ZEST_NOUVELLE_CARTE_NOV_2024-031-e1736974350492-300x202.jpg 300w, https:\/\/lezestbar.com\/wp-content\/uploads\/2025\/01\/AMP_LE_ZEST_NOUVELLE_CARTE_NOV_2024-031-e1736974350492-768x517.jpg 768w, https:\/\/lezestbar.com\/wp-content\/uploads\/2025\/01\/AMP_LE_ZEST_NOUVELLE_CARTE_NOV_2024-031-e1736974350492-1536x1034.jpg 1536w, https:\/\/lezestbar.com\/wp-content\/uploads\/2025\/01\/AMP_LE_ZEST_NOUVELLE_CARTE_NOV_2024-031-e1736974350492-2048x1379.jpg 2048w\" sizes=\"(max-width: 800px) 100vw, 800px\" \/>\t\t\t\t\t\t\t\t\t\t\t\t\t\t\t<\/div>\n\t\t\t\t<\/div>\n\t\t\t\t<\/div>\n\t\t<div class=\"elementor-element elementor-element-ce1fceb e-con-full e-flex e-con e-child\" data-id=\"ce1fceb\" data-element_type=\"container\" data-e-type=\"container\">\n\t\t\t\t<div class=\"elementor-element elementor-element-8cb007c elementor-widget elementor-widget-image\" data-id=\"8cb007c\" data-element_type=\"widget\" data-e-type=\"widget\" data-widget_type=\"image.default\">\n\t\t\t\t<div class=\"elementor-widget-container\">\n\t\t\t\t\t\t\t\t\t\t\t\t\t\t\t<img decoding=\"async\" width=\"800\" height=\"600\" src=\"https:\/\/lezestbar.com\/wp-content\/uploads\/2025\/01\/AMP_LE_ZEST_NOUVELLE_CARTE_NOV_2024-005-1024x768.jpg\" class=\"attachment-large size-large wp-image-8205\" alt=\"restaurant martinique - le zest bar - bar \u00e0 rhum - cuisine cr\u00e9ole - plat raffin\u00e9 - la carte - le menu - le bar\" srcset=\"https:\/\/lezestbar.com\/wp-content\/uploads\/2025\/01\/AMP_LE_ZEST_NOUVELLE_CARTE_NOV_2024-005-1024x768.jpg 1024w, https:\/\/lezestbar.com\/wp-content\/uploads\/2025\/01\/AMP_LE_ZEST_NOUVELLE_CARTE_NOV_2024-005-300x225.jpg 300w, https:\/\/lezestbar.com\/wp-content\/uploads\/2025\/01\/AMP_LE_ZEST_NOUVELLE_CARTE_NOV_2024-005-768x576.jpg 768w, https:\/\/lezestbar.com\/wp-content\/uploads\/2025\/01\/AMP_LE_ZEST_NOUVELLE_CARTE_NOV_2024-005-1536x1152.jpg 1536w, https:\/\/lezestbar.com\/wp-content\/uploads\/2025\/01\/AMP_LE_ZEST_NOUVELLE_CARTE_NOV_2024-005-2048x1536.jpg 2048w\" sizes=\"(max-width: 800px) 100vw, 800px\" \/>\t\t\t\t\t\t\t\t\t\t\t\t\t\t\t<\/div>\n\t\t\t\t<\/div>\n\t\t\t\t<\/div>\n\t\t\t\t<\/div>\n\t\t\t\t<\/div>\n\t\t<div class=\"elementor-element elementor-element-ba8e342 elementor-hidden-desktop elementor-hidden-tablet e-flex e-con-boxed e-con e-parent\" data-id=\"ba8e342\" data-element_type=\"container\" data-e-type=\"container\">\n\t\t\t\t\t<div class=\"e-con-inner\">\n\t\t\t\t<div class=\"elementor-element elementor-element-3a8ec17 elementor-widget-mobile__width-inherit elementor-widget elementor-widget-image\" data-id=\"3a8ec17\" data-element_type=\"widget\" data-e-type=\"widget\" data-widget_type=\"image.default\">\n\t\t\t\t<div class=\"elementor-widget-container\">\n\t\t\t\t\t\t\t\t\t\t\t\t\t\t\t<img loading=\"lazy\" decoding=\"async\" width=\"6741\" height=\"5056\" src=\"https:\/\/lezestbar.com\/wp-content\/uploads\/2025\/01\/AMP_LE_ZEST_NOUVELLE_CARTE_NOV_2024-005.jpg\" class=\"attachment-full size-full wp-image-8205\" alt=\"restaurant martinique - le zest bar - bar \u00e0 rhum - cuisine cr\u00e9ole - plat raffin\u00e9 - la carte - le menu - le bar\" srcset=\"https:\/\/lezestbar.com\/wp-content\/uploads\/2025\/01\/AMP_LE_ZEST_NOUVELLE_CARTE_NOV_2024-005.jpg 6741w, https:\/\/lezestbar.com\/wp-content\/uploads\/2025\/01\/AMP_LE_ZEST_NOUVELLE_CARTE_NOV_2024-005-300x225.jpg 300w, https:\/\/lezestbar.com\/wp-content\/uploads\/2025\/01\/AMP_LE_ZEST_NOUVELLE_CARTE_NOV_2024-005-1024x768.jpg 1024w, https:\/\/lezestbar.com\/wp-content\/uploads\/2025\/01\/AMP_LE_ZEST_NOUVELLE_CARTE_NOV_2024-005-768x576.jpg 768w, https:\/\/lezestbar.com\/wp-content\/uploads\/2025\/01\/AMP_LE_ZEST_NOUVELLE_CARTE_NOV_2024-005-1536x1152.jpg 1536w, https:\/\/lezestbar.com\/wp-content\/uploads\/2025\/01\/AMP_LE_ZEST_NOUVELLE_CARTE_NOV_2024-005-2048x1536.jpg 2048w\" sizes=\"(max-width: 6741px) 100vw, 6741px\" \/>\t\t\t\t\t\t\t\t\t\t\t\t\t\t\t<\/div>\n\t\t\t\t<\/div>\n\t\t\t\t<div class=\"elementor-element elementor-element-e625300 elementor-widget-mobile__width-inherit elementor-widget elementor-widget-image\" data-id=\"e625300\" data-element_type=\"widget\" data-e-type=\"widget\" data-widget_type=\"image.default\">\n\t\t\t\t<div class=\"elementor-widget-container\">\n\t\t\t\t\t\t\t\t\t\t\t\t\t\t\t<img loading=\"lazy\" decoding=\"async\" width=\"2216\" height=\"2954\" src=\"https:\/\/lezestbar.com\/wp-content\/uploads\/2025\/01\/AMP_LE_ZEST_NOUVELLE_CARTE_NOV_2024-002.jpg\" class=\"attachment-full size-full wp-image-8204\" alt=\"restaurant martinique - la cuisine du zest - le zest bar - bar \u00e0 rhum - cuisine cr\u00e9ole - plat raffin\u00e9 - la carte - le menu - le bar - midi et soir\" srcset=\"https:\/\/lezestbar.com\/wp-content\/uploads\/2025\/01\/AMP_LE_ZEST_NOUVELLE_CARTE_NOV_2024-002.jpg 2216w, https:\/\/lezestbar.com\/wp-content\/uploads\/2025\/01\/AMP_LE_ZEST_NOUVELLE_CARTE_NOV_2024-002-225x300.jpg 225w, https:\/\/lezestbar.com\/wp-content\/uploads\/2025\/01\/AMP_LE_ZEST_NOUVELLE_CARTE_NOV_2024-002-768x1024.jpg 768w, https:\/\/lezestbar.com\/wp-content\/uploads\/2025\/01\/AMP_LE_ZEST_NOUVELLE_CARTE_NOV_2024-002-1152x1536.jpg 1152w, https:\/\/lezestbar.com\/wp-content\/uploads\/2025\/01\/AMP_LE_ZEST_NOUVELLE_CARTE_NOV_2024-002-1536x2048.jpg 1536w\" sizes=\"(max-width: 2216px) 100vw, 2216px\" \/>\t\t\t\t\t\t\t\t\t\t\t\t\t\t\t<\/div>\n\t\t\t\t<\/div>\n\t\t\t\t<div class=\"elementor-element elementor-element-1565caa elementor-widget-mobile__width-inherit elementor-widget elementor-widget-image\" data-id=\"1565caa\" data-element_type=\"widget\" data-e-type=\"widget\" data-widget_type=\"image.default\">\n\t\t\t\t<div class=\"elementor-widget-container\">\n\t\t\t\t\t\t\t\t\t\t\t\t\t\t\t<img decoding=\"async\" width=\"800\" height=\"538\" src=\"https:\/\/lezestbar.com\/wp-content\/uploads\/2025\/01\/AMP_LE_ZEST_NOUVELLE_CARTE_NOV_2024-031-e1736974350492-1024x689.jpg\" class=\"attachment-large size-large wp-image-8206\" alt=\"restaurant martinique - le zest bar - cuisine cr\u00e9ole - plat raffin\u00e9 - la carte - le menu - le bar - bar \u00e0 rhum\" srcset=\"https:\/\/lezestbar.com\/wp-content\/uploads\/2025\/01\/AMP_LE_ZEST_NOUVELLE_CARTE_NOV_2024-031-e1736974350492-1024x689.jpg 1024w, https:\/\/lezestbar.com\/wp-content\/uploads\/2025\/01\/AMP_LE_ZEST_NOUVELLE_CARTE_NOV_2024-031-e1736974350492-300x202.jpg 300w, https:\/\/lezestbar.com\/wp-content\/uploads\/2025\/01\/AMP_LE_ZEST_NOUVELLE_CARTE_NOV_2024-031-e1736974350492-768x517.jpg 768w, https:\/\/lezestbar.com\/wp-content\/uploads\/2025\/01\/AMP_LE_ZEST_NOUVELLE_CARTE_NOV_2024-031-e1736974350492-1536x1034.jpg 1536w, https:\/\/lezestbar.com\/wp-content\/uploads\/2025\/01\/AMP_LE_ZEST_NOUVELLE_CARTE_NOV_2024-031-e1736974350492-2048x1379.jpg 2048w\" sizes=\"(max-width: 800px) 100vw, 800px\" \/>\t\t\t\t\t\t\t\t\t\t\t\t\t\t\t<\/div>\n\t\t\t\t<\/div>\n\t\t\t\t\t<\/div>\n\t\t\t\t<\/div>\n\t\t\t\t<\/div>","protected":false},"excerpt":{"rendered":"<p>La Carte R\u00e9server La Cuisine du Zest Une Cuisine Authentique et Gourmande Au Zest, notre cuisine refle\u0300te l\u2019essence me\u0302me de la Martinique,\u00a0tout en s\u2019inspirant de saveurs d\u2019ailleurs. Chaque plat est pre\u0301pare\u0301 avec des ingre\u0301dients frais et locaux,\u00a0se\u0301lectionne\u0301s avec soin pour offrir une expe\u0301rience culinaire unique. Nos chefs mettent un point d\u2019honneur a\u0300 revisiter les classiques [&hellip;]<\/p>\n","protected":false},"author":1,"featured_media":0,"parent":0,"menu_order":0,"comment_status":"closed","ping_status":"closed","template":"elementor_canvas","meta":{"_monsterinsights_skip_tracking":false,"_monsterinsights_sitenote_active":false,"_monsterinsights_sitenote_note":"","_monsterinsights_sitenote_category":0,"footnotes":""},"class_list":["post-8199","page","type-page","status-publish","hentry"],"_links":{"self":[{"href":"https:\/\/lezestbar.com\/en\/wp-json\/wp\/v2\/pages\/8199","targetHints":{"allow":["GET"]}}],"collection":[{"href":"https:\/\/lezestbar.com\/en\/wp-json\/wp\/v2\/pages"}],"about":[{"href":"https:\/\/lezestbar.com\/en\/wp-json\/wp\/v2\/types\/page"}],"author":[{"embeddable":true,"href":"https:\/\/lezestbar.com\/en\/wp-json\/wp\/v2\/users\/1"}],"replies":[{"embeddable":true,"href":"https:\/\/lezestbar.com\/en\/wp-json\/wp\/v2\/comments?post=8199"}],"version-history":[{"count":82,"href":"https:\/\/lezestbar.com\/en\/wp-json\/wp\/v2\/pages\/8199\/revisions"}],"predecessor-version":[{"id":8955,"href":"https:\/\/lezestbar.com\/en\/wp-json\/wp\/v2\/pages\/8199\/revisions\/8955"}],"wp:attachment":[{"href":"https:\/\/lezestbar.com\/en\/wp-json\/wp\/v2\/media?parent=8199"}],"curies":[{"name":"wp","href":"https:\/\/api.w.org\/{rel}","templated":true}]}}