{"id":8181,"date":"2025-01-15T14:16:13","date_gmt":"2025-01-15T18:16:13","guid":{"rendered":"https:\/\/lezestbar.com\/?page_id=8181"},"modified":"2026-03-31T10:19:49","modified_gmt":"2026-03-31T14:19:49","slug":"a-propos","status":"publish","type":"page","link":"https:\/\/lezestbar.com\/en\/a-propos\/","title":{"rendered":"\u00c0 PROPOS"},"content":{"rendered":"<div data-elementor-type=\"wp-page\" data-elementor-id=\"8181\" class=\"elementor elementor-8181\" data-elementor-post-type=\"page\">\n\t\t\t\t<div class=\"elementor-element elementor-element-60e4574 elementor-hidden-desktop elementor-hidden-tablet e-flex e-con-boxed e-con e-parent\" data-id=\"60e4574\" data-element_type=\"container\" data-e-type=\"container\" data-settings=\"{&quot;background_background&quot;:&quot;classic&quot;}\">\n\t\t\t\t\t<div class=\"e-con-inner\">\n\t\t<div class=\"elementor-element elementor-element-d85ea4d e-con-full e-flex e-con e-child\" data-id=\"d85ea4d\" data-element_type=\"container\" data-e-type=\"container\">\n\t\t\t\t<div class=\"elementor-element elementor-element-5c30813 elementor-mobile-align-center elementor-widget elementor-widget-button\" data-id=\"5c30813\" data-element_type=\"widget\" data-e-type=\"widget\" data-widget_type=\"button.default\">\n\t\t\t\t<div class=\"elementor-widget-container\">\n\t\t\t\t\t\t\t\t\t<div class=\"elementor-button-wrapper\">\n\t\t\t\t\t<a class=\"elementor-button elementor-button-link elementor-size-sm\" href=\"https:\/\/menuwidget.zenchef.com\/v4.php?rid=359847#menu-447610\" target=\"_blank\">\n\t\t\t\t\t\t<span class=\"elementor-button-content-wrapper\">\n\t\t\t\t\t\t\t\t\t<span class=\"elementor-button-text\">Menu<\/span>\n\t\t\t\t\t<\/span>\n\t\t\t\t\t<\/a>\n\t\t\t\t<\/div>\n\t\t\t\t\t\t\t\t<\/div>\n\t\t\t\t<\/div>\n\t\t\t\t<\/div>\n\t\t<div class=\"elementor-element elementor-element-09ae651 e-con-full e-flex e-con e-child\" data-id=\"09ae651\" data-element_type=\"container\" data-e-type=\"container\">\n\t\t\t\t<div class=\"elementor-element elementor-element-5ea064a elementor-mobile-align-center elementor-widget elementor-widget-button\" data-id=\"5ea064a\" data-element_type=\"widget\" data-e-type=\"widget\" data-widget_type=\"button.default\">\n\t\t\t\t<div class=\"elementor-widget-container\">\n\t\t\t\t\t\t\t\t\t<div class=\"elementor-button-wrapper\">\n\t\t\t\t\t<a class=\"elementor-button elementor-button-link elementor-size-sm\" href=\"\/en\/reservation\/\">\n\t\t\t\t\t\t<span class=\"elementor-button-content-wrapper\">\n\t\t\t\t\t\t\t\t\t<span class=\"elementor-button-text\">Book<\/span>\n\t\t\t\t\t<\/span>\n\t\t\t\t\t<\/a>\n\t\t\t\t<\/div>\n\t\t\t\t\t\t\t\t<\/div>\n\t\t\t\t<\/div>\n\t\t\t\t<\/div>\n\t\t\t\t\t<\/div>\n\t\t\t\t<\/div>\n\t\t<div class=\"elementor-element elementor-element-600a65a e-flex e-con-boxed e-con e-parent\" data-id=\"600a65a\" data-element_type=\"container\" data-e-type=\"container\">\n\t\t\t\t\t<div class=\"e-con-inner\">\n\t\t<div class=\"elementor-element elementor-element-b919fe2 e-con-full e-flex e-con e-child\" data-id=\"b919fe2\" data-element_type=\"container\" data-e-type=\"container\">\n\t\t\t\t<div class=\"elementor-element elementor-element-c66bca3 elementor-widget elementor-widget-image\" data-id=\"c66bca3\" data-element_type=\"widget\" data-e-type=\"widget\" data-widget_type=\"image.default\">\n\t\t\t\t<div class=\"elementor-widget-container\">\n\t\t\t\t\t\t\t\t\t\t\t\t\t\t\t<img fetchpriority=\"high\" decoding=\"async\" width=\"7735\" height=\"5156\" src=\"https:\/\/lezestbar.com\/wp-content\/uploads\/2025\/01\/AMP_4673.jpg\" class=\"attachment-full size-full wp-image-8187\" alt=\"lezestbar - le zest - le zest bar - restaurant martinique - belle vue - terrasse ouverte - fumeur - marina - port fort de france - bar - bar a rhum - ap\u00e9ro - tapas - cocktails - champagne - soft - hard - virgin cocktails - cocktail - manger en martinique - boire en martinique - restaurant b&amp;b hotel - restaurant b&amp;b martinique - b&amp;b hotel martinique\" srcset=\"https:\/\/lezestbar.com\/wp-content\/uploads\/2025\/01\/AMP_4673.jpg 7735w, https:\/\/lezestbar.com\/wp-content\/uploads\/2025\/01\/AMP_4673-300x200.jpg 300w, https:\/\/lezestbar.com\/wp-content\/uploads\/2025\/01\/AMP_4673-1024x683.jpg 1024w, https:\/\/lezestbar.com\/wp-content\/uploads\/2025\/01\/AMP_4673-768x512.jpg 768w, https:\/\/lezestbar.com\/wp-content\/uploads\/2025\/01\/AMP_4673-1536x1024.jpg 1536w, https:\/\/lezestbar.com\/wp-content\/uploads\/2025\/01\/AMP_4673-2048x1365.jpg 2048w\" sizes=\"(max-width: 7735px) 100vw, 7735px\" \/>\t\t\t\t\t\t\t\t\t\t\t\t\t\t\t<\/div>\n\t\t\t\t<\/div>\n\t\t\t\t<\/div>\n\t\t<div class=\"elementor-element elementor-element-f8cb730 e-con-full e-flex e-con e-child\" data-id=\"f8cb730\" data-element_type=\"container\" data-e-type=\"container\">\n\t\t\t\t<div class=\"elementor-element elementor-element-1c895a4 elementor-widget elementor-widget-heading\" data-id=\"1c895a4\" data-element_type=\"widget\" data-e-type=\"widget\" data-widget_type=\"heading.default\">\n\t\t\t\t<div class=\"elementor-widget-container\">\n\t\t\t\t\t<h1 class=\"elementor-heading-title elementor-size-default\">Le Zest : A Name, An identity<\/h1>\t\t\t\t<\/div>\n\t\t\t\t<\/div>\n\t\t\t\t<div class=\"elementor-element elementor-element-5adc86a elementor-widget elementor-widget-text-editor\" data-id=\"5adc86a\" data-element_type=\"widget\" data-e-type=\"widget\" data-widget_type=\"text-editor.default\">\n\t\t\t\t<div class=\"elementor-widget-container\">\n\t\t\t\t\t\t\t\t\t<p>The Zest Bar takes its name from <strong>the key ingredient of ti-punch: lemon<\/strong>, which brings this touch <strong>of acidity<\/strong> and <strong>freshness<\/strong> unavoidable. <strong>Its emblem<\/strong>, a <strong>sugar cane<\/strong> stylized, symbolizes the <strong>wealth of the West Indian lands.<\/strong>This cane represents the sugar which <strong>softens the ti-punch and the rum which gives it its power<\/strong>, making this drink a <strong>a true emblem of Caribbean culture.<\/strong>This choice of name and logo <strong>embodies the spirit of Zest: a tribute to Martinique tradition, mixed with a modern and friendly vision.<\/strong>.<\/p>\t\t\t\t\t\t\t\t<\/div>\n\t\t\t\t<\/div>\n\t\t\t\t<\/div>\n\t\t\t\t\t<\/div>\n\t\t\t\t<\/div>\n\t\t<div class=\"elementor-element elementor-element-1e00250 e-flex e-con-boxed e-con e-parent\" data-id=\"1e00250\" data-element_type=\"container\" data-e-type=\"container\">\n\t\t\t\t\t<div class=\"e-con-inner\">\n\t\t<div class=\"elementor-element elementor-element-b2bddba e-con-full e-flex e-con e-child\" data-id=\"b2bddba\" data-element_type=\"container\" data-e-type=\"container\">\n\t\t\t\t<div class=\"elementor-element elementor-element-4333f8f elementor-widget elementor-widget-heading\" data-id=\"4333f8f\" data-element_type=\"widget\" data-e-type=\"widget\" data-widget_type=\"heading.default\">\n\t\t\t\t<div class=\"elementor-widget-container\">\n\t\t\t\t\t<h1 class=\"elementor-heading-title elementor-size-default\">The Story of Zest<\/h1>\t\t\t\t<\/div>\n\t\t\t\t<\/div>\n\t\t\t\t<div class=\"elementor-element elementor-element-1538133 elementor-widget elementor-widget-text-editor\" data-id=\"1538133\" data-element_type=\"widget\" data-e-type=\"widget\" data-widget_type=\"text-editor.default\">\n\t\t\t\t<div class=\"elementor-widget-container\">\n\t\t\t\t\t\t\t\t\t<p><strong>The restaurant and rum bar, the Zest Bar<\/strong> was born from the dream of two friends, <strong>passionate about rum and travel.<\/strong>These modern explorers, always in search of <strong>new flavors and experiences,<\/strong> wanted to create <strong>a place<\/strong> in their image : <strong>warm<\/strong>, <strong>authentic<\/strong> and <strong>open to the world.<\/strong>Inspired by their discoveries and the stories shared over a glass of rum, they brought to life an <strong>unique bar-restaurant.<\/strong>The Zest has become a <strong>space where the richness of Martinican traditions blends with escape,<\/strong>, offering its visitors a <strong>gourmet and cultural experience in an enchanting setting<\/strong>.<\/p>\t\t\t\t\t\t\t\t<\/div>\n\t\t\t\t<\/div>\n\t\t\t\t<\/div>\n\t\t<div class=\"elementor-element elementor-element-eef3212 e-con-full e-flex e-con e-child\" data-id=\"eef3212\" data-element_type=\"container\" data-e-type=\"container\">\n\t\t\t\t<div class=\"elementor-element elementor-element-8aa6eef elementor-widget elementor-widget-image\" data-id=\"8aa6eef\" data-element_type=\"widget\" data-e-type=\"widget\" data-widget_type=\"image.default\">\n\t\t\t\t<div class=\"elementor-widget-container\">\n\t\t\t\t\t\t\t\t\t\t\t\t\t\t\t<img decoding=\"async\" width=\"4938\" height=\"3260\" src=\"https:\/\/lezestbar.com\/wp-content\/uploads\/2025\/01\/AMP_4682-e1736966533322.jpg\" class=\"attachment-full size-full wp-image-8188\" alt=\"boire un verre en martinique - bar et restaurant fort de france - cocktails - rhums - digestif - ap\u00e9ro - champagne - alcool - rhums de martinique - lezestbar - le zest bar - le zest - lezest\" srcset=\"https:\/\/lezestbar.com\/wp-content\/uploads\/2025\/01\/AMP_4682-e1736966533322.jpg 4938w, https:\/\/lezestbar.com\/wp-content\/uploads\/2025\/01\/AMP_4682-e1736966533322-300x198.jpg 300w, https:\/\/lezestbar.com\/wp-content\/uploads\/2025\/01\/AMP_4682-e1736966533322-1024x676.jpg 1024w, https:\/\/lezestbar.com\/wp-content\/uploads\/2025\/01\/AMP_4682-e1736966533322-768x507.jpg 768w, https:\/\/lezestbar.com\/wp-content\/uploads\/2025\/01\/AMP_4682-e1736966533322-1536x1014.jpg 1536w, https:\/\/lezestbar.com\/wp-content\/uploads\/2025\/01\/AMP_4682-e1736966533322-2048x1352.jpg 2048w\" sizes=\"(max-width: 4938px) 100vw, 4938px\" \/>\t\t\t\t\t\t\t\t\t\t\t\t\t\t\t<\/div>\n\t\t\t\t<\/div>\n\t\t\t\t<\/div>\n\t\t\t\t\t<\/div>\n\t\t\t\t<\/div>\n\t\t<div class=\"elementor-element elementor-element-06961af e-flex e-con-boxed e-con e-parent\" data-id=\"06961af\" data-element_type=\"container\" data-e-type=\"container\">\n\t\t\t\t\t<div class=\"e-con-inner\">\n\t\t<div class=\"elementor-element elementor-element-0a7f8d4 e-con-full e-flex e-con e-child\" data-id=\"0a7f8d4\" data-element_type=\"container\" data-e-type=\"container\">\n\t\t\t\t<div class=\"elementor-element elementor-element-5f4602a elementor-widget elementor-widget-image\" data-id=\"5f4602a\" data-element_type=\"widget\" data-e-type=\"widget\" data-widget_type=\"image.default\">\n\t\t\t\t<div class=\"elementor-widget-container\">\n\t\t\t\t\t\t\t\t\t\t\t\t\t\t\t<img decoding=\"async\" width=\"800\" height=\"472\" src=\"https:\/\/lezestbar.com\/wp-content\/uploads\/2025\/01\/AMP_LE_ZEST_ANNIV_2_ANS_03072024-047-e1738666918792-1024x604.jpg\" class=\"attachment-large size-large wp-image-8189\" alt=\"restaurant terrasse martinique - restau - resto martinique - bar - bar a rhum - trois rivi\u00e8re - cl\u00e9ment - soir\u00e9e - event - manger - boire - fort de france - fdf - marina - baywatch - le spice - le cloud - etang zabricot - hotel b&amp;b martinique -\" srcset=\"https:\/\/lezestbar.com\/wp-content\/uploads\/2025\/01\/AMP_LE_ZEST_ANNIV_2_ANS_03072024-047-e1738666918792-1024x604.jpg 1024w, https:\/\/lezestbar.com\/wp-content\/uploads\/2025\/01\/AMP_LE_ZEST_ANNIV_2_ANS_03072024-047-e1738666918792-300x177.jpg 300w, https:\/\/lezestbar.com\/wp-content\/uploads\/2025\/01\/AMP_LE_ZEST_ANNIV_2_ANS_03072024-047-e1738666918792-768x453.jpg 768w, https:\/\/lezestbar.com\/wp-content\/uploads\/2025\/01\/AMP_LE_ZEST_ANNIV_2_ANS_03072024-047-e1738666918792-1536x906.jpg 1536w, https:\/\/lezestbar.com\/wp-content\/uploads\/2025\/01\/AMP_LE_ZEST_ANNIV_2_ANS_03072024-047-e1738666918792-2048x1208.jpg 2048w, https:\/\/lezestbar.com\/wp-content\/uploads\/2025\/01\/AMP_LE_ZEST_ANNIV_2_ANS_03072024-047-e1738666918792-18x12.jpg 18w\" sizes=\"(max-width: 800px) 100vw, 800px\" \/>\t\t\t\t\t\t\t\t\t\t\t\t\t\t\t<\/div>\n\t\t\t\t<\/div>\n\t\t\t\t<\/div>\n\t\t<div class=\"elementor-element elementor-element-bc099dd e-con-full e-flex e-con e-child\" data-id=\"bc099dd\" data-element_type=\"container\" data-e-type=\"container\">\n\t\t\t\t<div class=\"elementor-element elementor-element-1626c9e elementor-widget elementor-widget-heading\" data-id=\"1626c9e\" data-element_type=\"widget\" data-e-type=\"widget\" data-widget_type=\"heading.default\">\n\t\t\t\t<div class=\"elementor-widget-container\">\n\t\t\t\t\t<h1 class=\"elementor-heading-title elementor-size-default\">Elegance and Friendliness<\/h1>\t\t\t\t<\/div>\n\t\t\t\t<\/div>\n\t\t\t\t<div class=\"elementor-element elementor-element-2442a42 elementor-widget elementor-widget-text-editor\" data-id=\"2442a42\" data-element_type=\"widget\" data-e-type=\"widget\" data-widget_type=\"text-editor.default\">\n\t\t\t\t<div class=\"elementor-widget-container\">\n\t\t\t\t\t\t\t\t\t<p><strong>The Zest Bar is a creation by Olivier Comp\u00e8re and Pauline Delbande<\/strong>who have successfully combined <strong>contemporary elegance<\/strong> and <strong>with Martinique's warmth<\/strong> in their <strong>design<\/strong>. With its <strong>bright spaces<\/strong> and <strong>natural materials<\/strong>, every corner of the Zest tells a story. Whether on its <strong>terrace overlooking the sea<\/strong> or in its<strong> refined interiors<\/strong>, the <strong>Zest Bar Martinique<\/strong> invites you to <strong>relax<\/strong> and <strong>share<\/strong>. Here <strong>elegance <\/strong>blends with <strong>conviviality <\/strong>to offer each guest a <strong>unique experience<\/strong>, combining <strong>refinement<\/strong> and <strong>and simplicity<\/strong>.<\/p>\t\t\t\t\t\t\t\t<\/div>\n\t\t\t\t<\/div>\n\t\t\t\t<\/div>\n\t\t\t\t\t<\/div>\n\t\t\t\t<\/div>\n\t\t<div class=\"elementor-element elementor-element-f4d5f56 e-flex e-con-boxed e-con e-parent\" data-id=\"f4d5f56\" data-element_type=\"container\" data-e-type=\"container\">\n\t\t\t\t\t<div class=\"e-con-inner\">\n\t\t<div class=\"elementor-element elementor-element-efd87b3 e-con-full e-flex e-con e-child\" data-id=\"efd87b3\" data-element_type=\"container\" data-e-type=\"container\">\n\t\t\t\t<div class=\"elementor-element elementor-element-c81aa1a elementor-widget elementor-widget-heading\" data-id=\"c81aa1a\" data-element_type=\"widget\" data-e-type=\"widget\" data-widget_type=\"heading.default\">\n\t\t\t\t<div class=\"elementor-widget-container\">\n\t\t\t\t\t<h1 class=\"elementor-heading-title elementor-size-default\">A Festive and Creative place<\/h1>\t\t\t\t<\/div>\n\t\t\t\t<\/div>\n\t\t\t\t<div class=\"elementor-element elementor-element-7b67c65 elementor-widget elementor-widget-text-editor\" data-id=\"7b67c65\" data-element_type=\"widget\" data-e-type=\"widget\" data-widget_type=\"text-editor.default\">\n\t\t\t\t<div class=\"elementor-widget-container\">\n\t\t\t\t\t\t\t\t\t<div class=\"page\" title=\"Page 9\"><div class=\"section\"><div class=\"layoutArea\"><div class=\"column\"><div class=\"page\" title=\"Page 11\"><div class=\"section\"><div class=\"layoutArea\"><div class=\"column\"><p><strong>Zest Martinique<\/strong>, is much more than a <strong>bar and restaurant<\/strong>. It's a <strong>vibrant space<\/strong> where there's always something happening. We regularly organize <strong>new one-off events, <\/strong>as well as <strong>recurring events <\/strong>like the famous <strong>Saturday barbecues<\/strong>. In addition, we also offer seasonal events, such as the opening of the <strong>Zest Club<\/strong> with a new theme <strong>for each holiday<\/strong>, or the <strong>Rhums &amp; Barbecue<\/strong>held once a month. This <strong>dynamic and daring venue<\/strong> celebrates <strong>the Martinican art of living<\/strong>, offering everyone <strong>moments of sharing<\/strong>, de <strong>, discovery<\/strong> and <strong>and pleasure<\/strong>.<\/p><\/div><\/div><\/div><\/div><\/div><\/div><\/div><\/div>\t\t\t\t\t\t\t\t<\/div>\n\t\t\t\t<\/div>\n\t\t\t\t<\/div>\n\t\t<div class=\"elementor-element elementor-element-1d0313f e-con-full e-flex e-con e-child\" data-id=\"1d0313f\" data-element_type=\"container\" data-e-type=\"container\">\n\t\t\t\t<div class=\"elementor-element elementor-element-1f2288f elementor-widget elementor-widget-image\" data-id=\"1f2288f\" data-element_type=\"widget\" data-e-type=\"widget\" data-widget_type=\"image.default\">\n\t\t\t\t<div class=\"elementor-widget-container\">\n\t\t\t\t\t\t\t\t\t\t\t\t\t\t\t<img loading=\"lazy\" decoding=\"async\" width=\"800\" height=\"546\" src=\"https:\/\/lezestbar.com\/wp-content\/uploads\/2025\/01\/AMP_LE_ZEST_ANNIV_2_ANS_06072024-278-2-e1736969469233-1024x699.jpg\" class=\"attachment-large size-large wp-image-8190\" alt=\"restaurant martinique -bar martinique - lezestbar - lezest martinique - bar \u00e0 rhums - rhum - resto - f\u00eate - soir\u00e9e - event - mariage - anniversaire - comit\u00e9 d&#039;entreprise - entreprise\" srcset=\"https:\/\/lezestbar.com\/wp-content\/uploads\/2025\/01\/AMP_LE_ZEST_ANNIV_2_ANS_06072024-278-2-e1736969469233-1024x699.jpg 1024w, https:\/\/lezestbar.com\/wp-content\/uploads\/2025\/01\/AMP_LE_ZEST_ANNIV_2_ANS_06072024-278-2-e1736969469233-300x205.jpg 300w, https:\/\/lezestbar.com\/wp-content\/uploads\/2025\/01\/AMP_LE_ZEST_ANNIV_2_ANS_06072024-278-2-e1736969469233-768x524.jpg 768w, https:\/\/lezestbar.com\/wp-content\/uploads\/2025\/01\/AMP_LE_ZEST_ANNIV_2_ANS_06072024-278-2-e1736969469233-1536x1048.jpg 1536w, https:\/\/lezestbar.com\/wp-content\/uploads\/2025\/01\/AMP_LE_ZEST_ANNIV_2_ANS_06072024-278-2-e1736969469233-2048x1397.jpg 2048w\" sizes=\"(max-width: 800px) 100vw, 800px\" \/>\t\t\t\t\t\t\t\t\t\t\t\t\t\t\t<\/div>\n\t\t\t\t<\/div>\n\t\t\t\t<\/div>\n\t\t\t\t\t<\/div>\n\t\t\t\t<\/div>\n\t\t\t\t<\/div>","protected":false},"excerpt":{"rendered":"<p>La Carte R\u00e9server Le Zest : Un Nom, Une Identit\u00e9 Le Zest Bar tire son nom de l\u2019ingre\u0301dient cle\u0301 du ti-punch : le citron, qui apporte cette touche d\u2019acidite\u0301 et de frai\u0302cheur incontournable. Son emble\u0300me, une canne a\u0300 sucre stylise\u0301e, symbolise la richesse des terres antillaises. Cette canne repre\u0301sente le sucre qui adoucit le ti-punch [&hellip;]<\/p>\n","protected":false},"author":1,"featured_media":0,"parent":0,"menu_order":0,"comment_status":"closed","ping_status":"closed","template":"elementor_canvas","meta":{"_monsterinsights_skip_tracking":false,"_monsterinsights_sitenote_active":false,"_monsterinsights_sitenote_note":"","_monsterinsights_sitenote_category":0,"footnotes":""},"class_list":["post-8181","page","type-page","status-publish","hentry"],"_links":{"self":[{"href":"https:\/\/lezestbar.com\/en\/wp-json\/wp\/v2\/pages\/8181","targetHints":{"allow":["GET"]}}],"collection":[{"href":"https:\/\/lezestbar.com\/en\/wp-json\/wp\/v2\/pages"}],"about":[{"href":"https:\/\/lezestbar.com\/en\/wp-json\/wp\/v2\/types\/page"}],"author":[{"embeddable":true,"href":"https:\/\/lezestbar.com\/en\/wp-json\/wp\/v2\/users\/1"}],"replies":[{"embeddable":true,"href":"https:\/\/lezestbar.com\/en\/wp-json\/wp\/v2\/comments?post=8181"}],"version-history":[{"count":92,"href":"https:\/\/lezestbar.com\/en\/wp-json\/wp\/v2\/pages\/8181\/revisions"}],"predecessor-version":[{"id":8952,"href":"https:\/\/lezestbar.com\/en\/wp-json\/wp\/v2\/pages\/8181\/revisions\/8952"}],"wp:attachment":[{"href":"https:\/\/lezestbar.com\/en\/wp-json\/wp\/v2\/media?parent=8181"}],"curies":[{"name":"wp","href":"https:\/\/api.w.org\/{rel}","templated":true}]}}